{"id":2933,"date":"2022-01-04T14:14:04","date_gmt":"2022-01-04T14:14:04","guid":{"rendered":"https:\/\/csb2.jenieuwewebsite.be\/cookieverklaring\/"},"modified":"2022-01-04T14:41:22","modified_gmt":"2022-01-04T14:41:22","slug":"declaration-relative-aux-cookies","status":"publish","type":"page","link":"https:\/\/www.csb2.be\/fr\/declaration-relative-aux-cookies\/","title":{"rendered":"D\u00e9claration relative aux cookies"},"content":{"rendered":"\t\t<div data-elementor-type=\"wp-page\" data-elementor-id=\"2933\" class=\"elementor elementor-2933 elementor-2900\">\n\t\t\t\t\t\t<section class=\"elementor-section elementor-top-section elementor-element elementor-element-780060b0 block__recentposts elementor-section-full_width elementor-section-height-default elementor-section-height-default\" data-id=\"780060b0\" data-element_type=\"section\" data-e-type=\"section\">\n\t\t\t\t\t\t<div class=\"elementor-container elementor-column-gap-default\">\n\t\t\t\t\t<div class=\"elementor-column elementor-col-100 elementor-top-column elementor-element elementor-element-1c8f907c\" data-id=\"1c8f907c\" data-element_type=\"column\" data-e-type=\"column\">\n\t\t\t<div class=\"elementor-widget-wrap elementor-element-populated\">\n\t\t\t\t\t\t<div class=\"elementor-element elementor-element-578f6d85 elementor-widget elementor-widget-heading\" data-id=\"578f6d85\" data-element_type=\"widget\" data-e-type=\"widget\" data-widget_type=\"heading.default\">\n\t\t\t\t<div class=\"elementor-widget-container\">\n\t\t\t\t\t<h1 class=\"elementor-heading-title elementor-size-default\">D\u00e9claration relative aux cookies<\/h1>\t\t\t\t<\/div>\n\t\t\t\t<\/div>\n\t\t\t\t<div class=\"elementor-element elementor-element-1109299b elementor-widget elementor-widget-heading\" data-id=\"1109299b\" data-element_type=\"widget\" data-e-type=\"widget\" data-widget_type=\"heading.default\">\n\t\t\t\t<div class=\"elementor-widget-container\">\n\t\t\t\t\t<h2 class=\"elementor-heading-title elementor-size-default\">Que sont les cookies ?<\/h2>\t\t\t\t<\/div>\n\t\t\t\t<\/div>\n\t\t\t\t<div class=\"elementor-element elementor-element-6d798a80 elementor-widget elementor-widget-text-editor\" data-id=\"6d798a80\" data-element_type=\"widget\" data-e-type=\"widget\" data-widget_type=\"text-editor.default\">\n\t\t\t\t<div class=\"elementor-widget-container\">\n\t\t\t\t\t\t\t\t\t<p>Le site web de CSB\u00b2 utilise des cookies pour stocker des informations sur votre ordinateur. Les cookies sont de petits fichiers qui sont stock\u00e9s sur votre ordinateur lorsque vous visitez un certain site web et qui permettent de m\u00e9moriser vos pr\u00e9f\u00e9rences Internet. Les informations qui y sont stock\u00e9es peuvent \u00eatre renvoy\u00e9es vers nos serveurs lors de votre prochaine visite. Un cookie ne peut pas supprimer des informations du disque dur du visiteur ni endommager l&rsquo;ordinateur de ce dernier.<\/p>\t\t\t\t\t\t\t\t<\/div>\n\t\t\t\t<\/div>\n\t\t\t\t<div class=\"elementor-element elementor-element-1a617ee0 elementor-widget elementor-widget-heading\" data-id=\"1a617ee0\" data-element_type=\"widget\" data-e-type=\"widget\" data-widget_type=\"heading.default\">\n\t\t\t\t<div class=\"elementor-widget-container\">\n\t\t\t\t\t<h2 class=\"elementor-heading-title elementor-size-default\">Pourquoi utilisons-nous des cookies ?<\/h2>\t\t\t\t<\/div>\n\t\t\t\t<\/div>\n\t\t\t\t<div class=\"elementor-element elementor-element-1baf0a10 elementor-widget elementor-widget-text-editor\" data-id=\"1baf0a10\" data-element_type=\"widget\" data-e-type=\"widget\" data-widget_type=\"text-editor.default\">\n\t\t\t\t<div class=\"elementor-widget-container\">\n\t\t\t\t\t\t\t\t\t<p>Le site web de CSB\u00b2 utilise des cookies pour m\u00e9moriser et reconna\u00eetre vos pr\u00e9f\u00e9rences. Vos pr\u00e9f\u00e9rences sont enregistr\u00e9es pendant que vous surfez sur le site de CSB\u00b2. CSB\u00b2 utilise ensuite ces informations pour configurer le site web de la meilleure fa\u00e7on possible, en fonction des pr\u00e9f\u00e9rences des visiteurs du site. \u00c0 cette fin, le site Internet de CSB\u00b2 utilise l&rsquo;instrument de mesure Google Analytics.<\/p>\t\t\t\t\t\t\t\t<\/div>\n\t\t\t\t<\/div>\n\t\t\t\t<div class=\"elementor-element elementor-element-79c0b630 elementor-widget elementor-widget-heading\" data-id=\"79c0b630\" data-element_type=\"widget\" data-e-type=\"widget\" data-widget_type=\"heading.default\">\n\t\t\t\t<div class=\"elementor-widget-container\">\n\t\t\t\t\t<h2 class=\"elementor-heading-title elementor-size-default\">Quels sont les cookies que nous utilisons ?<\/h2>\t\t\t\t<\/div>\n\t\t\t\t<\/div>\n\t\t\t\t<div class=\"elementor-element elementor-element-724ccb56 elementor-widget elementor-widget-heading\" data-id=\"724ccb56\" data-element_type=\"widget\" data-e-type=\"widget\" data-widget_type=\"heading.default\">\n\t\t\t\t<div class=\"elementor-widget-container\">\n\t\t\t\t\t<h3 class=\"elementor-heading-title elementor-size-default\">Cookies n\u00e9cessaires<\/h3>\t\t\t\t<\/div>\n\t\t\t\t<\/div>\n\t\t\t\t<div class=\"elementor-element elementor-element-94417aa elementor-widget elementor-widget-text-editor\" data-id=\"94417aa\" data-element_type=\"widget\" data-e-type=\"widget\" data-widget_type=\"text-editor.default\">\n\t\t\t\t<div class=\"elementor-widget-container\">\n\t\t\t\t\t\t\t\t\t<p>Les cookies n\u00e9cessaires sont absolument indispensables pour que le site web fonctionne correctement. Ces cookies fournissent des fonctionnalit\u00e9s de base et des fonctions de s\u00e9curit\u00e9 du site web, de mani\u00e8re anonyme.<\/p>\t\t\t\t\t\t\t\t<\/div>\n\t\t\t\t<\/div>\n\t\t\t\t<div class=\"elementor-element elementor-element-0c483e9 elementor-widget elementor-widget-heading\" data-id=\"0c483e9\" data-element_type=\"widget\" data-e-type=\"widget\" data-widget_type=\"heading.default\">\n\t\t\t\t<div class=\"elementor-widget-container\">\n\t\t\t\t\t<h3 class=\"elementor-heading-title elementor-size-default\">Cookies fonctionnels<\/h3>\t\t\t\t<\/div>\n\t\t\t\t<\/div>\n\t\t\t\t<div class=\"elementor-element elementor-element-a3df8ae elementor-widget elementor-widget-text-editor\" data-id=\"a3df8ae\" data-element_type=\"widget\" data-e-type=\"widget\" data-widget_type=\"text-editor.default\">\n\t\t\t\t<div class=\"elementor-widget-container\">\n\t\t\t\t\t\t\t\t\t<p>Les cookies fonctionnels permettent d&rsquo;ex\u00e9cuter certaines fonctionnalit\u00e9s, telles que le partage de contenus de sites web sur des plateformes de m\u00e9dias sociaux, la collecte de commentaires et d&rsquo;autres fonctions de tiers.<\/p>\t\t\t\t\t\t\t\t<\/div>\n\t\t\t\t<\/div>\n\t\t\t\t<div class=\"elementor-element elementor-element-29aa03e elementor-widget elementor-widget-heading\" data-id=\"29aa03e\" data-element_type=\"widget\" data-e-type=\"widget\" data-widget_type=\"heading.default\">\n\t\t\t\t<div class=\"elementor-widget-container\">\n\t\t\t\t\t<h3 class=\"elementor-heading-title elementor-size-default\">Cookies de performance<\/h3>\t\t\t\t<\/div>\n\t\t\t\t<\/div>\n\t\t\t\t<div class=\"elementor-element elementor-element-695f9a0 elementor-widget elementor-widget-text-editor\" data-id=\"695f9a0\" data-element_type=\"widget\" data-e-type=\"widget\" data-widget_type=\"text-editor.default\">\n\t\t\t\t<div class=\"elementor-widget-container\">\n\t\t\t\t\t\t\t\t\t<p>Les cookies de performance sont utilis\u00e9s pour comprendre et analyser les principaux indices de performance du site web, contribuant ainsi \u00e0 offrir une meilleure exp\u00e9rience utilisateur aux visiteurs.<\/p>\t\t\t\t\t\t\t\t<\/div>\n\t\t\t\t<\/div>\n\t\t\t\t<div class=\"elementor-element elementor-element-00a2d68 elementor-widget elementor-widget-heading\" data-id=\"00a2d68\" data-element_type=\"widget\" data-e-type=\"widget\" data-widget_type=\"heading.default\">\n\t\t\t\t<div class=\"elementor-widget-container\">\n\t\t\t\t\t<h3 class=\"elementor-heading-title elementor-size-default\">Cookies analytiques<\/h3>\t\t\t\t<\/div>\n\t\t\t\t<\/div>\n\t\t\t\t<div class=\"elementor-element elementor-element-b972c5e elementor-widget elementor-widget-text-editor\" data-id=\"b972c5e\" data-element_type=\"widget\" data-e-type=\"widget\" data-widget_type=\"text-editor.default\">\n\t\t\t\t<div class=\"elementor-widget-container\">\n\t\t\t\t\t\t\t\t\t<p>Les cookies analytiques sont utilis\u00e9s pour comprendre comment les visiteurs interagissent avec le site web. Ces cookies permettent de fournir des informations sur le nombre de visiteurs, le taux de rebond, la source de trafic, etc.<\/p>\t\t\t\t\t\t\t\t<\/div>\n\t\t\t\t<\/div>\n\t\t\t\t<div class=\"elementor-element elementor-element-8d03513 elementor-widget elementor-widget-heading\" data-id=\"8d03513\" data-element_type=\"widget\" data-e-type=\"widget\" data-widget_type=\"heading.default\">\n\t\t\t\t<div class=\"elementor-widget-container\">\n\t\t\t\t\t<h2 class=\"elementor-heading-title elementor-size-default\">Comment modifier mes pr\u00e9f\u00e9rences en mati\u00e8re de cookies sur le site web<\/h2>\t\t\t\t<\/div>\n\t\t\t\t<\/div>\n\t\t\t\t<div class=\"elementor-element elementor-element-7b56859 elementor-widget elementor-widget-text-editor\" data-id=\"7b56859\" data-element_type=\"widget\" data-e-type=\"widget\" data-widget_type=\"text-editor.default\">\n\t\t\t\t<div class=\"elementor-widget-container\">\n\t\t\t\t\t\t\t\t\t<p>Vous pouvez modifier vos pr\u00e9f\u00e9rences en mati\u00e8re de cookies \u00e0 tout moment ici : <a class=\"wt-cli-manage-consent-link\">Configuration des pr\u00e9f\u00e9rences<\/a><\/p>\t\t\t\t\t\t\t\t<\/div>\n\t\t\t\t<\/div>\n\t\t\t\t\t<\/div>\n\t\t<\/div>\n\t\t\t\t\t<\/div>\n\t\t<\/section>\n\t\t\t\t<\/div>\n\t\t","protected":false},"excerpt":{"rendered":"<p>D\u00e9claration relative aux cookies Que sont les cookies ? Le site web de CSB\u00b2 utilise des cookies pour stocker des informations sur votre ordinateur. Les cookies sont de petits fichiers qui sont stock\u00e9s sur votre ordinateur lorsque vous visitez un certain site web et qui permettent de m\u00e9moriser vos pr\u00e9f\u00e9rences Internet. Les informations qui y [&hellip;]<\/p>\n","protected":false},"author":1,"featured_media":0,"parent":0,"menu_order":0,"comment_status":"closed","ping_status":"closed","template":"","meta":{"ocean_post_layout":"","ocean_both_sidebars_style":"","ocean_both_sidebars_content_width":0,"ocean_both_sidebars_sidebars_width":0,"ocean_sidebar":"0","ocean_second_sidebar":"0","ocean_disable_margins":"enable","ocean_add_body_class":"","ocean_shortcode_before_top_bar":"","ocean_shortcode_after_top_bar":"","ocean_shortcode_before_header":"","ocean_shortcode_after_header":"","ocean_has_shortcode":"","ocean_shortcode_after_title":"","ocean_shortcode_before_footer_widgets":"","ocean_shortcode_after_footer_widgets":"","ocean_shortcode_before_footer_bottom":"","ocean_shortcode_after_footer_bottom":"","ocean_display_top_bar":"default","ocean_display_header":"default","ocean_header_style":"","ocean_center_header_left_menu":"0","ocean_custom_header_template":"0","ocean_custom_logo":0,"ocean_custom_retina_logo":0,"ocean_custom_logo_max_width":0,"ocean_custom_logo_tablet_max_width":0,"ocean_custom_logo_mobile_max_width":0,"ocean_custom_logo_max_height":0,"ocean_custom_logo_tablet_max_height":0,"ocean_custom_logo_mobile_max_height":0,"ocean_header_custom_menu":"0","ocean_menu_typo_font_family":"0","ocean_menu_typo_font_subset":"","ocean_menu_typo_font_size":0,"ocean_menu_typo_font_size_tablet":0,"ocean_menu_typo_font_size_mobile":0,"ocean_menu_typo_font_size_unit":"px","ocean_menu_typo_font_weight":"","ocean_menu_typo_font_weight_tablet":"","ocean_menu_typo_font_weight_mobile":"","ocean_menu_typo_transform":"","ocean_menu_typo_transform_tablet":"","ocean_menu_typo_transform_mobile":"","ocean_menu_typo_line_height":0,"ocean_menu_typo_line_height_tablet":0,"ocean_menu_typo_line_height_mobile":0,"ocean_menu_typo_line_height_unit":"","ocean_menu_typo_spacing":0,"ocean_menu_typo_spacing_tablet":0,"ocean_menu_typo_spacing_mobile":0,"ocean_menu_typo_spacing_unit":"","ocean_menu_link_color":"","ocean_menu_link_color_hover":"","ocean_menu_link_color_active":"","ocean_menu_link_background":"","ocean_menu_link_hover_background":"","ocean_menu_link_active_background":"","ocean_menu_social_links_bg":"","ocean_menu_social_hover_links_bg":"","ocean_menu_social_links_color":"","ocean_menu_social_hover_links_color":"","ocean_disable_title":"default","ocean_disable_heading":"default","ocean_post_title":"","ocean_post_subheading":"","ocean_post_title_style":"","ocean_post_title_background_color":"","ocean_post_title_background":0,"ocean_post_title_bg_image_position":"","ocean_post_title_bg_image_attachment":"","ocean_post_title_bg_image_repeat":"","ocean_post_title_bg_image_size":"","ocean_post_title_height":0,"ocean_post_title_bg_overlay":0.5,"ocean_post_title_bg_overlay_color":"","ocean_disable_breadcrumbs":"default","ocean_breadcrumbs_color":"","ocean_breadcrumbs_separator_color":"","ocean_breadcrumbs_links_color":"","ocean_breadcrumbs_links_hover_color":"","ocean_display_footer_widgets":"default","ocean_display_footer_bottom":"default","ocean_custom_footer_template":"0","footnotes":""},"class_list":["post-2933","page","type-page","status-publish","hentry","entry"],"yoast_head":"<!-- This site is optimized with the Yoast SEO plugin v27.3 - https:\/\/yoast.com\/product\/yoast-seo-wordpress\/ -->\n<title>D\u00e9claration relative aux cookies - CSB\u00b2<\/title>\n<meta name=\"robots\" content=\"index, follow, max-snippet:-1, max-image-preview:large, max-video-preview:-1\" \/>\n<link rel=\"canonical\" href=\"https:\/\/www.csb2.be\/fr\/declaration-relative-aux-cookies\/\" \/>\n<meta property=\"og:locale\" content=\"fr_FR\" \/>\n<meta property=\"og:type\" content=\"article\" \/>\n<meta property=\"og:title\" content=\"D\u00e9claration relative aux cookies - CSB\u00b2\" \/>\n<meta property=\"og:description\" content=\"D\u00e9claration relative aux cookies Que sont les cookies ? Le site web de CSB\u00b2 utilise des cookies pour stocker des informations sur votre ordinateur. Les cookies sont de petits fichiers qui sont stock\u00e9s sur votre ordinateur lorsque vous visitez un certain site web et qui permettent de m\u00e9moriser vos pr\u00e9f\u00e9rences Internet. Les informations qui y [&hellip;]\" \/>\n<meta property=\"og:url\" content=\"https:\/\/www.csb2.be\/fr\/declaration-relative-aux-cookies\/\" \/>\n<meta property=\"og:site_name\" content=\"CSB\u00b2\" \/>\n<meta property=\"article:modified_time\" content=\"2022-01-04T14:41:22+00:00\" \/>\n<meta name=\"twitter:card\" content=\"summary_large_image\" \/>\n<meta name=\"twitter:label1\" content=\"Dur\u00e9e de lecture estim\u00e9e\" \/>\n\t<meta name=\"twitter:data1\" content=\"2 minutes\" \/>\n<script type=\"application\/ld+json\" class=\"yoast-schema-graph\">{\"@context\":\"https:\\\/\\\/schema.org\",\"@graph\":[{\"@type\":\"WebPage\",\"@id\":\"https:\\\/\\\/www.csb2.be\\\/fr\\\/declaration-relative-aux-cookies\\\/\",\"url\":\"https:\\\/\\\/www.csb2.be\\\/fr\\\/declaration-relative-aux-cookies\\\/\",\"name\":\"D\u00e9claration relative aux cookies - CSB\u00b2\",\"isPartOf\":{\"@id\":\"https:\\\/\\\/www.csb2.be\\\/fr\\\/#website\"},\"datePublished\":\"2022-01-04T14:14:04+00:00\",\"dateModified\":\"2022-01-04T14:41:22+00:00\",\"breadcrumb\":{\"@id\":\"https:\\\/\\\/www.csb2.be\\\/fr\\\/declaration-relative-aux-cookies\\\/#breadcrumb\"},\"inLanguage\":\"fr-FR\",\"potentialAction\":[{\"@type\":\"ReadAction\",\"target\":[\"https:\\\/\\\/www.csb2.be\\\/fr\\\/declaration-relative-aux-cookies\\\/\"]}]},{\"@type\":\"BreadcrumbList\",\"@id\":\"https:\\\/\\\/www.csb2.be\\\/fr\\\/declaration-relative-aux-cookies\\\/#breadcrumb\",\"itemListElement\":[{\"@type\":\"ListItem\",\"position\":1,\"name\":\"Home\",\"item\":\"https:\\\/\\\/www.csb2.be\\\/fr\\\/\"},{\"@type\":\"ListItem\",\"position\":2,\"name\":\"D\u00e9claration relative aux cookies\"}]},{\"@type\":\"WebSite\",\"@id\":\"https:\\\/\\\/www.csb2.be\\\/fr\\\/#website\",\"url\":\"https:\\\/\\\/www.csb2.be\\\/fr\\\/\",\"name\":\"CSB\u00b2\",\"description\":\"Service op maat voor jouw projecten en onderhoud van spuitcabines\",\"publisher\":{\"@id\":\"https:\\\/\\\/www.csb2.be\\\/fr\\\/#organization\"},\"potentialAction\":[{\"@type\":\"SearchAction\",\"target\":{\"@type\":\"EntryPoint\",\"urlTemplate\":\"https:\\\/\\\/www.csb2.be\\\/fr\\\/?s={search_term_string}\"},\"query-input\":{\"@type\":\"PropertyValueSpecification\",\"valueRequired\":true,\"valueName\":\"search_term_string\"}}],\"inLanguage\":\"fr-FR\"},{\"@type\":\"Organization\",\"@id\":\"https:\\\/\\\/www.csb2.be\\\/fr\\\/#organization\",\"name\":\"CSB\u00b2\",\"url\":\"https:\\\/\\\/www.csb2.be\\\/fr\\\/\",\"logo\":{\"@type\":\"ImageObject\",\"inLanguage\":\"fr-FR\",\"@id\":\"https:\\\/\\\/www.csb2.be\\\/fr\\\/#\\\/schema\\\/logo\\\/image\\\/\",\"url\":\"https:\\\/\\\/www.csb2.be\\\/wp-content\\\/uploads\\\/2021\\\/12\\\/logo.svg\",\"contentUrl\":\"https:\\\/\\\/www.csb2.be\\\/wp-content\\\/uploads\\\/2021\\\/12\\\/logo.svg\",\"width\":528,\"height\":336,\"caption\":\"CSB\u00b2\"},\"image\":{\"@id\":\"https:\\\/\\\/www.csb2.be\\\/fr\\\/#\\\/schema\\\/logo\\\/image\\\/\"}}]}<\/script>\n<!-- \/ Yoast SEO plugin. -->","yoast_head_json":{"title":"D\u00e9claration relative aux cookies - CSB\u00b2","robots":{"index":"index","follow":"follow","max-snippet":"max-snippet:-1","max-image-preview":"max-image-preview:large","max-video-preview":"max-video-preview:-1"},"canonical":"https:\/\/www.csb2.be\/fr\/declaration-relative-aux-cookies\/","og_locale":"fr_FR","og_type":"article","og_title":"D\u00e9claration relative aux cookies - CSB\u00b2","og_description":"D\u00e9claration relative aux cookies Que sont les cookies ? Le site web de CSB\u00b2 utilise des cookies pour stocker des informations sur votre ordinateur. Les cookies sont de petits fichiers qui sont stock\u00e9s sur votre ordinateur lorsque vous visitez un certain site web et qui permettent de m\u00e9moriser vos pr\u00e9f\u00e9rences Internet. Les informations qui y [&hellip;]","og_url":"https:\/\/www.csb2.be\/fr\/declaration-relative-aux-cookies\/","og_site_name":"CSB\u00b2","article_modified_time":"2022-01-04T14:41:22+00:00","twitter_card":"summary_large_image","twitter_misc":{"Dur\u00e9e de lecture estim\u00e9e":"2 minutes"},"schema":{"@context":"https:\/\/schema.org","@graph":[{"@type":"WebPage","@id":"https:\/\/www.csb2.be\/fr\/declaration-relative-aux-cookies\/","url":"https:\/\/www.csb2.be\/fr\/declaration-relative-aux-cookies\/","name":"D\u00e9claration relative aux cookies - CSB\u00b2","isPartOf":{"@id":"https:\/\/www.csb2.be\/fr\/#website"},"datePublished":"2022-01-04T14:14:04+00:00","dateModified":"2022-01-04T14:41:22+00:00","breadcrumb":{"@id":"https:\/\/www.csb2.be\/fr\/declaration-relative-aux-cookies\/#breadcrumb"},"inLanguage":"fr-FR","potentialAction":[{"@type":"ReadAction","target":["https:\/\/www.csb2.be\/fr\/declaration-relative-aux-cookies\/"]}]},{"@type":"BreadcrumbList","@id":"https:\/\/www.csb2.be\/fr\/declaration-relative-aux-cookies\/#breadcrumb","itemListElement":[{"@type":"ListItem","position":1,"name":"Home","item":"https:\/\/www.csb2.be\/fr\/"},{"@type":"ListItem","position":2,"name":"D\u00e9claration relative aux cookies"}]},{"@type":"WebSite","@id":"https:\/\/www.csb2.be\/fr\/#website","url":"https:\/\/www.csb2.be\/fr\/","name":"CSB\u00b2","description":"Service op maat voor jouw projecten en onderhoud van spuitcabines","publisher":{"@id":"https:\/\/www.csb2.be\/fr\/#organization"},"potentialAction":[{"@type":"SearchAction","target":{"@type":"EntryPoint","urlTemplate":"https:\/\/www.csb2.be\/fr\/?s={search_term_string}"},"query-input":{"@type":"PropertyValueSpecification","valueRequired":true,"valueName":"search_term_string"}}],"inLanguage":"fr-FR"},{"@type":"Organization","@id":"https:\/\/www.csb2.be\/fr\/#organization","name":"CSB\u00b2","url":"https:\/\/www.csb2.be\/fr\/","logo":{"@type":"ImageObject","inLanguage":"fr-FR","@id":"https:\/\/www.csb2.be\/fr\/#\/schema\/logo\/image\/","url":"https:\/\/www.csb2.be\/wp-content\/uploads\/2021\/12\/logo.svg","contentUrl":"https:\/\/www.csb2.be\/wp-content\/uploads\/2021\/12\/logo.svg","width":528,"height":336,"caption":"CSB\u00b2"},"image":{"@id":"https:\/\/www.csb2.be\/fr\/#\/schema\/logo\/image\/"}}]}},"_links":{"self":[{"href":"https:\/\/www.csb2.be\/fr\/wp-json\/wp\/v2\/pages\/2933","targetHints":{"allow":["GET"]}}],"collection":[{"href":"https:\/\/www.csb2.be\/fr\/wp-json\/wp\/v2\/pages"}],"about":[{"href":"https:\/\/www.csb2.be\/fr\/wp-json\/wp\/v2\/types\/page"}],"author":[{"embeddable":true,"href":"https:\/\/www.csb2.be\/fr\/wp-json\/wp\/v2\/users\/1"}],"replies":[{"embeddable":true,"href":"https:\/\/www.csb2.be\/fr\/wp-json\/wp\/v2\/comments?post=2933"}],"version-history":[{"count":4,"href":"https:\/\/www.csb2.be\/fr\/wp-json\/wp\/v2\/pages\/2933\/revisions"}],"predecessor-version":[{"id":2938,"href":"https:\/\/www.csb2.be\/fr\/wp-json\/wp\/v2\/pages\/2933\/revisions\/2938"}],"wp:attachment":[{"href":"https:\/\/www.csb2.be\/fr\/wp-json\/wp\/v2\/media?parent=2933"}],"curies":[{"name":"wp","href":"https:\/\/api.w.org\/{rel}","templated":true}]}}